{"id":11,"date":"2019-02-14T20:09:44","date_gmt":"2019-02-14T20:09:44","guid":{"rendered":"http:\/\/lasa.fi\/wp\/?page_id=11"},"modified":"2021-10-09T15:27:55","modified_gmt":"2021-10-09T12:27:55","slug":"radat","status":"publish","type":"page","link":"https:\/\/lasa.fi\/wp\/radat\/","title":{"rendered":"RADAT"},"content":{"rendered":"\n<h2 class=\"wp-block-heading\">Ampumaradat&nbsp;<\/h2>\n\n\n\n<p>Seuran vakituisessa k\u00e4yt\u00f6ss\u00e4 ovat Muukon ampumaurheilukeskuksen radat. Lis\u00e4ksi harjoittelu seuran nimiss\u00e4 on mahdollista Urheilutalon sis\u00e4ampumaradalla sek\u00e4 Immolan radalla. Uusia ideoita otetaan vastaan ja vuoroja lis\u00e4t\u00e4\u00e4n jos tarvetta ilmenee.<\/p>\n\n\n\n<h3 class=\"wp-block-heading\">Muukko &#8211; Toimintarataprojekti<\/h3>\n\n\n\n<p>Muukon ampumaurheilukeskukseen suunnitellaan toiminnallisen ammunnan rataa viranomaisten, ett\u00e4 kasvavien harrastajam\u00e4\u00e4rien tarpeisiin. Ratahanke on k\u00e4ynnistynyt uudelleen 2020 ja suunnittelu on k\u00e4ynniss\u00e4. <\/p>\n\n\n\n<p>Toimintaradan selvitysty\u00f6ryhm\u00e4n raportteja:<\/p>\n\n\n\n<ul class=\"wp-block-list\"><li><a href=\"http:\/\/www.lasa.fi\/toimintarata\/toimintaratamuistio1_07.pdf\">Muistio 13.12.2007<\/a><\/li><li><a href=\"http:\/\/www.lasa.fi\/toimintarata\/toimintaratamuistio1_08.pdf\">Muistio 13.2.2008<\/a><\/li><li><a href=\"http:\/\/www.lasa.fi\/toimintarata\/toimintaratamuistio2_08.pdf\">Muistio 11.3.2008<\/a><\/li><li><a href=\"http:\/\/www.lasa.fi\/toimintarata\/toimintaratamuistio3_08.pdf\">Muistio 15.4.2008<\/a><\/li><li><a href=\"http:\/\/www.lasa.fi\/toimintarata\/Valiraportti130808Muukontoimintarata.pdf\">V\u00e4liraportti 13.8.2008<\/a><\/li><li><a href=\"http:\/\/www.lasa.fi\/toimintarata\/tullintarvearvio.pdf\">Tullin tarvearvio<\/a><\/li><\/ul>\n\n\n\n<p><\/p>\n","protected":false},"excerpt":{"rendered":"<p>Ampumaradat&nbsp; Seuran vakituisessa k\u00e4yt\u00f6ss\u00e4 ovat Muukon ampumaurheilukeskuksen radat. Lis\u00e4ksi harjoittelu seuran nimiss\u00e4 on mahdollista Urheilutalon sis\u00e4ampumaradalla sek\u00e4 Immolan radalla. Uusia ideoita otetaan vastaan ja vuoroja lis\u00e4t\u00e4\u00e4n jos tarvetta ilmenee. Muukko &#8211; Toimintarataprojekti Muukon ampumaurheilukeskukseen suunnitellaan toiminnallisen ammunnan rataa viranomaisten, ett\u00e4 kasvavien harrastajam\u00e4\u00e4rien tarpeisiin. Ratahanke on k\u00e4ynnistynyt uudelleen 2020 ja suunnittelu on k\u00e4ynniss\u00e4. Toimintaradan selvitysty\u00f6ryhm\u00e4n raportteja: <a class=\"read-more\" href=\"https:\/\/lasa.fi\/wp\/radat\/\">READ MORE<\/a><\/p>\n","protected":false},"author":1,"featured_media":0,"parent":0,"menu_order":0,"comment_status":"closed","ping_status":"closed","template":"","meta":{"footnotes":""},"class_list":["post-11","page","type-page","status-publish","hentry"],"_links":{"self":[{"href":"https:\/\/lasa.fi\/wp\/wp-json\/wp\/v2\/pages\/11","targetHints":{"allow":["GET"]}}],"collection":[{"href":"https:\/\/lasa.fi\/wp\/wp-json\/wp\/v2\/pages"}],"about":[{"href":"https:\/\/lasa.fi\/wp\/wp-json\/wp\/v2\/types\/page"}],"author":[{"embeddable":true,"href":"https:\/\/lasa.fi\/wp\/wp-json\/wp\/v2\/users\/1"}],"replies":[{"embeddable":true,"href":"https:\/\/lasa.fi\/wp\/wp-json\/wp\/v2\/comments?post=11"}],"version-history":[{"count":5,"href":"https:\/\/lasa.fi\/wp\/wp-json\/wp\/v2\/pages\/11\/revisions"}],"predecessor-version":[{"id":235,"href":"https:\/\/lasa.fi\/wp\/wp-json\/wp\/v2\/pages\/11\/revisions\/235"}],"wp:attachment":[{"href":"https:\/\/lasa.fi\/wp\/wp-json\/wp\/v2\/media?parent=11"}],"curies":[{"name":"wp","href":"https:\/\/api.w.org\/{rel}","templated":true}]}}