{"id":138,"date":"2021-10-09T13:08:15","date_gmt":"2021-10-09T10:08:15","guid":{"rendered":"http:\/\/lasa.fi\/wp\/?page_id=138"},"modified":"2026-01-25T13:22:24","modified_gmt":"2026-01-25T11:22:24","slug":"jasenmaksut","status":"publish","type":"page","link":"https:\/\/lasa.fi\/wp\/jasenmaksut\/","title":{"rendered":"J\u00e4senmaksut \/ muut maksut"},"content":{"rendered":"\n<p><strong>J\u00c4SENYYSMAKSUT<\/strong><\/p>\n\n\n\n<p><strong>J\u00e4senmaksut tulevat jokaisen omalle SUOMISPORT-profiilille<\/strong>, mink\u00e4 kautta ne maksetaan. Maksu n\u00e4kyy oman profiilisivun &#8221;MAKSUT&#8221;-kohdan alla.<\/p>\n\n\n\n<p><strong>J\u00e4senyysmaksulaskuja ei siis en\u00e4\u00e4 l\u00e4het\u00e4 kirjepostitse<\/strong>.<\/p>\n\n\n\n<p><em>Jos k\u00e4ytt\u00e4\u00e4 verkkoselainta, oman profiilisivun yl\u00e4reunasta l\u00f6ytyy kohdat SPORTTITILI, KALENTERI, VIESTIT, MAKSUT. Mik\u00e4li k\u00e4ytt\u00e4\u00e4 suomisport-mobiiliaplikaatiota, vastaavat valikot ovat alareunassa.<\/em><\/p>\n\n\n\n<p>Kunkin vuoden j\u00e4senmaksu tulee normaalisti maksettavaksi vuoden ensimm\u00e4isen nelj\u00e4nneksen aikana.<\/p>\n\n\n\n<p>Mik\u00e4 on suomisport?: <a href=\"https:\/\/info.suomisport.fi\/mika-suomisport\/\"><mark style=\"background-color:rgba(0, 0, 0, 0)\" class=\"has-inline-color has-vivid-cyan-blue-color\">https:\/\/info.suomisport.fi\/mika-suomisport\/<\/mark><\/a><\/p>\n\n\n\n<p>Miten kirjaudun sis\u00e4\u00e4n?: <a href=\"https:\/\/suomisport.freshdesk.com\/fi\/support\/solutions\/articles\/44001856851-miten-kirjaudun-suomisporttiin-miten-luon-sporttitilin-\"><mark style=\"background-color:rgba(0, 0, 0, 0)\" class=\"has-inline-color has-vivid-cyan-blue-color\">https:\/\/suomisport.freshdesk.com\/fi\/support\/solutions\/articles\/44001856851-miten-kirjaudun-suomisporttiin-miten-luon-sporttitilin-<\/mark><\/a><\/p>\n\n\n\n<p>Miten maksan j\u00e4senmaksun?<mark style=\"background-color:rgba(0, 0, 0, 0)\" class=\"has-inline-color has-vivid-cyan-blue-color\"> <\/mark><a href=\"https:\/\/suomisport.freshdesk.com\/fi\/support\/solutions\/articles\/44002405629-miten-maksan-seuran-osoittaman-j%C3%A4sen-tai-kausimaksun-\" data-type=\"link\" data-id=\"https:\/\/suomisport.freshdesk.com\/fi\/support\/solutions\/articles\/44002405629-miten-maksan-seuran-osoittaman-j%C3%A4sen-tai-kausimaksun-\"><mark style=\"background-color:rgba(0, 0, 0, 0)\" class=\"has-inline-color has-vivid-cyan-blue-color\">https:\/\/suomisport.freshdesk.com\/fi\/support\/solutions\/articles\/44002405629-miten-maksan-seuran-osoittaman-j%C3%A4sen-tai-kausimaksun-<\/mark><\/a><\/p>\n\n\n\n<p><strong>MAKSUT SEURAN TILILLE<\/strong><\/p>\n\n\n\n<p><em>Huom!  Seuran tilille <strong>ei  makseta<\/strong> suoraan j\u00e4senmaksuja vaan ne suoritetaan aina Suomisportin kautta.<\/em><\/p>\n\n\n\n<p>Seuran tilille maksetaan suoraan ainoastaan mahdolliset kilpailuosallistumismaksut, treenirinki-maksut, laina-asemaksut jne. Laita aina verkkomaksun viesti-osioon selke\u00e4 kuvaus mist\u00e4 maksusta on kyse. Esimerkiksi &#8221;Elokuun 2023 kiv\u00e4\u00e4rikisan osallistumismaksu&#8221;.<\/p>\n\n\n\n<p><strong>Seuran pankkiyhteys<\/strong>: FI59 4108 1040 0886 10<\/p>\n\n\n\n<p style=\"font-size:22px\"><strong><mark style=\"background-color:rgba(0, 0, 0, 0)\" class=\"has-inline-color has-vivid-green-cyan-color\">Seuran liittymis- ja j\u00e4senyysmaksut vuodelle 2026<\/mark><\/strong><\/p>\n\n\n\n<p><strong>LIITTYMISMAKSUT<\/strong><\/p>\n\n\n\n<ul class=\"wp-block-list\">\n<li>Uuden aikuisj\u00e4senen liittymismaksu ( sis. liittymisvuoden j\u00e4senyysmaksun), <strong>150 \u20ac<\/strong><\/li>\n\n\n\n<li>Toiseen SAL alaiseen yhdistykseen  jo kuuluvan uuden aikuisj\u00e4senen liittymismaksu (sis. liittymisvuoden j\u00e4sennyysmaksun), <strong>75 \u20ac<\/strong><\/li>\n\n\n\n<li>Etel\u00e4-karjalan reservil\u00e4isyhdistyksiin  jo kuuluvan uuden aikuisj\u00e4senen liittymismaksu (sis. liittymisvuoden j\u00e4senyysmaksun), <strong>75 \u20ac<\/strong><\/li>\n\n\n\n<li>Perheenj\u00e4senen liittymismaksu (sis. liittymisvuoden j\u00e4sennyysmaksun), <strong>30 \u20ac<\/strong><\/li>\n\n\n\n<li>Juniorij\u00e4senen (&lt;21 v) liittymismaksu (sis. liittymisvuoden j\u00e4sennyysmaksun),<strong> 20 \u20ac<\/strong><\/li>\n<\/ul>\n\n\n\n<p><strong>VUOSITTAISET J\u00c4SENYYSMAKSUT<\/strong><\/p>\n\n\n\n<ul class=\"wp-block-list\">\n<li>Aikuisj\u00e4senen j\u00e4senmaksu, <strong>55 \u20ac<\/strong><\/li>\n\n\n\n<li>Perheenj\u00e4senen j\u00e4senmaksu, <strong>30 \u20ac<\/strong><\/li>\n\n\n\n<li>Juniorij\u00e4senen (&lt;21 v) j\u00e4senmaksu, <strong>20 \u20ac<\/strong><\/li>\n<\/ul>\n\n\n\n<p><strong>MUUT J\u00c4SENYYSMAKSUT<\/strong><\/p>\n\n\n\n<ul class=\"wp-block-list\">\n<li>Kannattajaj\u00e4senen liittymis- ja vuosittainen j\u00e4senmaksu, <strong>100 \u20ac.<\/strong><\/li>\n<\/ul>\n\n\n\n<p><\/p>\n","protected":false},"excerpt":{"rendered":"<p>J\u00c4SENYYSMAKSUT J\u00e4senmaksut tulevat jokaisen omalle SUOMISPORT-profiilille, mink\u00e4 kautta ne maksetaan. Maksu n\u00e4kyy oman profiilisivun &#8221;MAKSUT&#8221;-kohdan alla. J\u00e4senyysmaksulaskuja ei siis en\u00e4\u00e4 l\u00e4het\u00e4 kirjepostitse. Jos k\u00e4ytt\u00e4\u00e4 verkkoselainta, oman profiilisivun yl\u00e4reunasta l\u00f6ytyy kohdat SPORTTITILI, KALENTERI, VIESTIT, MAKSUT. Mik\u00e4li k\u00e4ytt\u00e4\u00e4 suomisport-mobiiliaplikaatiota, vastaavat valikot ovat alareunassa. Kunkin vuoden j\u00e4senmaksu tulee normaalisti maksettavaksi vuoden ensimm\u00e4isen nelj\u00e4nneksen aikana. Mik\u00e4 on suomisport?: https:\/\/info.suomisport.fi\/mika-suomisport\/ <a class=\"read-more\" href=\"https:\/\/lasa.fi\/wp\/jasenmaksut\/\">READ MORE<\/a><\/p>\n","protected":false},"author":1,"featured_media":0,"parent":0,"menu_order":0,"comment_status":"closed","ping_status":"closed","template":"","meta":{"footnotes":""},"class_list":["post-138","page","type-page","status-publish","hentry"],"_links":{"self":[{"href":"https:\/\/lasa.fi\/wp\/wp-json\/wp\/v2\/pages\/138","targetHints":{"allow":["GET"]}}],"collection":[{"href":"https:\/\/lasa.fi\/wp\/wp-json\/wp\/v2\/pages"}],"about":[{"href":"https:\/\/lasa.fi\/wp\/wp-json\/wp\/v2\/types\/page"}],"author":[{"embeddable":true,"href":"https:\/\/lasa.fi\/wp\/wp-json\/wp\/v2\/users\/1"}],"replies":[{"embeddable":true,"href":"https:\/\/lasa.fi\/wp\/wp-json\/wp\/v2\/comments?post=138"}],"version-history":[{"count":20,"href":"https:\/\/lasa.fi\/wp\/wp-json\/wp\/v2\/pages\/138\/revisions"}],"predecessor-version":[{"id":944,"href":"https:\/\/lasa.fi\/wp\/wp-json\/wp\/v2\/pages\/138\/revisions\/944"}],"wp:attachment":[{"href":"https:\/\/lasa.fi\/wp\/wp-json\/wp\/v2\/media?parent=138"}],"curies":[{"name":"wp","href":"https:\/\/api.w.org\/{rel}","templated":true}]}}